{"id":289,"date":"2019-04-07T21:42:22","date_gmt":"2019-04-07T19:42:22","guid":{"rendered":"http:\/\/www.naturproduktion.de\/?page_id=289"},"modified":"2019-04-07T21:42:22","modified_gmt":"2019-04-07T19:42:22","slug":"natur-produktion","status":"publish","type":"page","link":"https:\/\/www.naturproduktion.de\/","title":{"rendered":"Natur &#038; Produktion"},"content":{"rendered":"\n<p class=\"has-text-align-left has-normal-font-size\">Natur und Produktion: Zwei Dinge, die sich ausschlie\u00dfen? Nicht wirklich, denn das, was wir &#8222;Natur&#8220; nennen ist in Wirklichkeit eine Kulturlandschaft, die \u00fcber Jahrhunderte durch den Menschen gepr\u00e4gt worden ist. In dieser Umwelt haben sich \u00fcber lange Zeit Lebewesen angesiedelt, f\u00fcr die diese Lebensr\u00e4ume von Vorteil sind. Viele Arten w\u00e4ren ohne die Kultivierung der Umwelt durch den Menschen gar nicht da. Allerdings werden die Lebensr\u00e4ume mit Beginn der Industriealisierung vor \u00fcber hundert Jahren immer mehr eingeschr\u00e4nkt. Der Bau von H\u00e4usern und Stra\u00dfen vernichtet Fl\u00e4chen und trennt die ehemals zusammenh\u00e4ngenden Lebensbereiche in immer kleinere, voneinander isolierte Inseln. Die Intensivierung der Landwirtschaft &#8211; so wichtig sie auch ist &#8211; wirkt sich ebenfalls sehr negativ aus: Ehemals viele kleine Parzellen werden zu immer gr\u00f6\u00dferen Fl\u00e4chen mit nur einer Frucht zusammengelegt, sodass immer mehr Felds\u00e4ume und abwechslungsreiche Feldflur verschwinden. Moderne Pflanzenz\u00fcchtungen, intensive D\u00fcngung und sehr effiziente Pflanzenschutzmittel sorgen f\u00fcr unkrautfreie und leistungsf\u00e4hige Best\u00e4nde, in denen kein Platz mehr ist f\u00fcr konkurrierende Pflanzen &#8211; egal ob man sie Unkraut, Wildkraut oder Begleitkraut nennt. Damit ist vielen Insekten und anderen Wildtieren die Nahrung entzogen und der Lebensraum nicht mehr attraktiv &#8211; auch sie verschwinden. <\/p>\n\n\n\n<p class=\"has-normal-font-size\">Denen, die mehr zu dem Thema erfahren wollen, sei das Buch &#8222;Das Verstummen der Natur&#8220; von Volker Angres und Claus-Peter Hutter empfohlen. Bereits Jahre vor dem Erscheinen des Buches haben wir begonnen, unseren Familienbetrieb nachhaltiger aufzustellen, um einerseits der skizzierten Entwicklung entgegen zu steuern, andererseits die allseits dringend ben\u00f6tigte landwirtschaftliche Produktion zukunftsorientiert zu entwickeln. In diesem Sinne versuchen wir unsere Landwirtschaft mit modernsten Methoden und Techniken so gut und umweltvertr\u00e4glich wie eben m\u00f6glich zu gestalten sowie maximale R\u00fccksicht auf Natur und Umwelt zu nehmen. Zus\u00e4tzlich schaffen wir mit verschiedenen Ma\u00dfnahmen neue, attraktive Lebensr\u00e4ume an und in Feldern, Gew\u00e4ssern und W\u00e4ldern: <\/p>\n\n\n\n<p class=\"has-text-align-center has-large-font-size\"><strong>Wir produzieren Natur!<\/strong><\/p>\n","protected":false},"excerpt":{"rendered":"<p>Natur und Produktion: Zwei Dinge, die sich ausschlie\u00dfen? Nicht wirklich, denn das, was wir &#8222;Natur&#8220; nennen ist in Wirklichkeit eine Kulturlandschaft, die \u00fcber Jahrhunderte durch&#8230;<\/p>\n","protected":false},"author":1,"featured_media":0,"parent":0,"menu_order":1,"comment_status":"closed","ping_status":"closed","template":"","meta":{"footnotes":""},"class_list":["post-289","page","type-page","status-publish","hentry"],"_links":{"self":[{"href":"https:\/\/www.naturproduktion.de\/index.php\/wp-json\/wp\/v2\/pages\/289","targetHints":{"allow":["GET"]}}],"collection":[{"href":"https:\/\/www.naturproduktion.de\/index.php\/wp-json\/wp\/v2\/pages"}],"about":[{"href":"https:\/\/www.naturproduktion.de\/index.php\/wp-json\/wp\/v2\/types\/page"}],"author":[{"embeddable":true,"href":"https:\/\/www.naturproduktion.de\/index.php\/wp-json\/wp\/v2\/users\/1"}],"replies":[{"embeddable":true,"href":"https:\/\/www.naturproduktion.de\/index.php\/wp-json\/wp\/v2\/comments?post=289"}],"version-history":[{"count":0,"href":"https:\/\/www.naturproduktion.de\/index.php\/wp-json\/wp\/v2\/pages\/289\/revisions"}],"wp:attachment":[{"href":"https:\/\/www.naturproduktion.de\/index.php\/wp-json\/wp\/v2\/media?parent=289"}],"curies":[{"name":"wp","href":"https:\/\/api.w.org\/{rel}","templated":true}]}}