{"id":340,"date":"2020-01-27T20:50:09","date_gmt":"2020-01-27T19:50:09","guid":{"rendered":"http:\/\/www.naturproduktion.de\/?page_id=340"},"modified":"2020-07-13T20:52:55","modified_gmt":"2020-07-13T20:52:55","slug":"produktion","status":"publish","type":"page","link":"https:\/\/www.naturproduktion.de\/index.php\/produktion\/","title":{"rendered":"Produktion"},"content":{"rendered":"\n\n\n<p class=\"has-normal-font-size\">Wir legen Wert auf eine nachhaltige Produktion. Dazu nutzen wir vielf\u00e4ltige Fruchtfolgen und gesunde Sorten. Kritischer Randbereiche an Gew\u00e4ssern werden nicht ged\u00fcngt oder gespritzt. In besonders geeigneten Bereichen s\u00e4en wir strukturierte Bl\u00fchstreifen an und schaffen damit R\u00fcckzugszonen f\u00fcr Tiere einschlie\u00dflich Insekten. Erm\u00f6glicht werden uns diese Ma\u00dfnahmen durch die Unterst\u00fctzung unseres Landkreises Cloppenburg, des Landes Niedersachsen, der Bundesrepublik Deutschland und der Europ\u00e4ischen Union. <\/p>\n","protected":false},"excerpt":{"rendered":"<p>Wir legen Wert auf eine nachhaltige Produktion. Dazu nutzen wir vielf\u00e4ltige Fruchtfolgen und gesunde Sorten. Kritischer Randbereiche an Gew\u00e4ssern werden nicht ged\u00fcngt oder gespritzt. In&#8230;<\/p>\n","protected":false},"author":1,"featured_media":345,"parent":0,"menu_order":0,"comment_status":"closed","ping_status":"closed","template":"","meta":{"footnotes":""},"class_list":["post-340","page","type-page","status-publish","has-post-thumbnail","hentry"],"_links":{"self":[{"href":"https:\/\/www.naturproduktion.de\/index.php\/wp-json\/wp\/v2\/pages\/340","targetHints":{"allow":["GET"]}}],"collection":[{"href":"https:\/\/www.naturproduktion.de\/index.php\/wp-json\/wp\/v2\/pages"}],"about":[{"href":"https:\/\/www.naturproduktion.de\/index.php\/wp-json\/wp\/v2\/types\/page"}],"author":[{"embeddable":true,"href":"https:\/\/www.naturproduktion.de\/index.php\/wp-json\/wp\/v2\/users\/1"}],"replies":[{"embeddable":true,"href":"https:\/\/www.naturproduktion.de\/index.php\/wp-json\/wp\/v2\/comments?post=340"}],"version-history":[{"count":1,"href":"https:\/\/www.naturproduktion.de\/index.php\/wp-json\/wp\/v2\/pages\/340\/revisions"}],"predecessor-version":[{"id":433,"href":"https:\/\/www.naturproduktion.de\/index.php\/wp-json\/wp\/v2\/pages\/340\/revisions\/433"}],"wp:featuredmedia":[{"embeddable":true,"href":"https:\/\/www.naturproduktion.de\/index.php\/wp-json\/"}],"wp:attachment":[{"href":"https:\/\/www.naturproduktion.de\/index.php\/wp-json\/wp\/v2\/media?parent=340"}],"curies":[{"name":"wp","href":"https:\/\/api.w.org\/{rel}","templated":true}]}}